{"id":70,"date":"2023-03-02T11:14:11","date_gmt":"2023-03-02T11:14:11","guid":{"rendered":"https:\/\/www.puertas-automaticas-madrid.net\/?page_id=70"},"modified":"2023-03-02T17:31:05","modified_gmt":"2023-03-02T17:31:05","slug":"inicio","status":"publish","type":"page","link":"https:\/\/www.puertas-automaticas-madrid.net\/?page_id=70","title":{"rendered":"inicio"},"content":{"rendered":"\t\t<div data-elementor-type=\"wp-page\" data-elementor-id=\"70\" class=\"elementor elementor-70\">\n\t\t\t\t\t\t<section class=\"elementor-section elementor-top-section elementor-element elementor-element-7d7bb5c elementor-section-height-full elementor-section-boxed elementor-section-height-default elementor-section-items-middle\" data-id=\"7d7bb5c\" data-element_type=\"section\" data-settings=\"{&quot;background_background&quot;:&quot;slideshow&quot;,&quot;background_slideshow_transition_duration&quot;:492,&quot;background_slideshow_gallery&quot;:[],&quot;background_slideshow_loop&quot;:&quot;yes&quot;,&quot;background_slideshow_slide_duration&quot;:5000,&quot;background_slideshow_slide_transition&quot;:&quot;fade&quot;}\">\n\t\t\t\t\t\t\t<div class=\"elementor-background-overlay\"><\/div>\n\t\t\t\t\t\t\t<div class=\"elementor-container elementor-column-gap-custom\">\n\t\t\t\t\t<div class=\"elementor-column elementor-col-100 elementor-top-column elementor-element elementor-element-4136b70\" data-id=\"4136b70\" data-element_type=\"column\">\n\t\t\t<div class=\"elementor-widget-wrap elementor-element-populated\">\n\t\t\t\t\t\t<div class=\"elementor-element elementor-element-864ab56 elementor-widget-mobile__width-initial elementor-absolute elementor-widget elementor-widget-heading\" data-id=\"864ab56\" data-element_type=\"widget\" data-settings=\"{&quot;_position&quot;:&quot;absolute&quot;,&quot;_animation_mobile&quot;:&quot;fadeIn&quot;}\" data-widget_type=\"heading.default\">\n\t\t\t\t<div class=\"elementor-widget-container\">\n\t\t\t\t\t<div class=\"elementor-heading-title elementor-size-large\">Soluciones profesionales en automatismos<\/div>\t\t\t\t<\/div>\n\t\t\t\t<\/div>\n\t\t\t\t<div class=\"elementor-element elementor-element-8171f1a elementor-align-left elementor-widget-mobile__width-initial elementor-absolute elementor-widget elementor-widget-button\" data-id=\"8171f1a\" data-element_type=\"widget\" data-settings=\"{&quot;_position&quot;:&quot;absolute&quot;}\" data-widget_type=\"button.default\">\n\t\t\t\t<div class=\"elementor-widget-container\">\n\t\t\t\t\t\t\t\t\t<div class=\"elementor-button-wrapper\">\n\t\t\t\t\t<a class=\"elementor-button elementor-button-link elementor-size-md\" href=\"https:\/\/www.puertas-automaticas-madrid.net\/?page_id=60\">\n\t\t\t\t\t\t<span class=\"elementor-button-content-wrapper\">\n\t\t\t\t\t\t\t\t\t<span class=\"elementor-button-text\">Quiero saber m\u00e1s<\/span>\n\t\t\t\t\t<\/span>\n\t\t\t\t\t<\/a>\n\t\t\t\t<\/div>\n\t\t\t\t\t\t\t\t<\/div>\n\t\t\t\t<\/div>\n\t\t\t\t\t<\/div>\n\t\t<\/div>\n\t\t\t\t\t<\/div>\n\t\t<\/section>\n\t\t\t\t<section class=\"elementor-section elementor-top-section elementor-element elementor-element-8a430ae elementor-section-height-min-height elementor-section-boxed elementor-section-height-default elementor-section-items-middle\" data-id=\"8a430ae\" data-element_type=\"section\">\n\t\t\t\t\t\t<div class=\"elementor-container elementor-column-gap-wider\">\n\t\t\t\t\t<div class=\"elementor-column elementor-col-33 elementor-top-column elementor-element elementor-element-f2ccf57\" data-id=\"f2ccf57\" data-element_type=\"column\">\n\t\t\t<div class=\"elementor-widget-wrap elementor-element-populated\">\n\t\t\t\t\t\t<div class=\"elementor-element elementor-element-4d6a139 elementor-widget elementor-widget-image\" data-id=\"4d6a139\" data-element_type=\"widget\" data-widget_type=\"image.default\">\n\t\t\t\t<div class=\"elementor-widget-container\">\n\t\t\t\t\t\t\t\t\t\t\t\t\t\t\t\t<a href=\"https:\/\/www.puertas-automaticas-madrid.net\/?page_id=120\">\n\t\t\t\t\t\t\t<img fetchpriority=\"high\" decoding=\"async\" width=\"448\" height=\"448\" src=\"https:\/\/www.puertas-automaticas-madrid.net\/wp-content\/uploads\/2023\/03\/imagen-puertasdegaraje.webp\" class=\"attachment-large size-large wp-image-107\" alt=\"\" srcset=\"https:\/\/www.puertas-automaticas-madrid.net\/wp-content\/uploads\/2023\/03\/imagen-puertasdegaraje.webp 448w, https:\/\/www.puertas-automaticas-madrid.net\/wp-content\/uploads\/2023\/03\/imagen-puertasdegaraje-300x300.webp 300w, https:\/\/www.puertas-automaticas-madrid.net\/wp-content\/uploads\/2023\/03\/imagen-puertasdegaraje-150x150.webp 150w\" sizes=\"(max-width: 448px) 100vw, 448px\" \/>\t\t\t\t\t\t\t\t<\/a>\n\t\t\t\t\t\t\t\t\t\t\t\t\t\t\t<\/div>\n\t\t\t\t<\/div>\n\t\t\t\t\t<\/div>\n\t\t<\/div>\n\t\t\t\t<div class=\"elementor-column elementor-col-33 elementor-top-column elementor-element elementor-element-24ac1d8\" data-id=\"24ac1d8\" data-element_type=\"column\">\n\t\t\t<div class=\"elementor-widget-wrap elementor-element-populated\">\n\t\t\t\t\t\t<div class=\"elementor-element elementor-element-cd5a3f7 elementor-widget elementor-widget-image\" data-id=\"cd5a3f7\" data-element_type=\"widget\" data-widget_type=\"image.default\">\n\t\t\t\t<div class=\"elementor-widget-container\">\n\t\t\t\t\t\t\t\t\t\t\t\t\t\t\t\t<a href=\"https:\/\/www.puertas-automaticas-madrid.net\/?page_id=122\">\n\t\t\t\t\t\t\t<img decoding=\"async\" width=\"448\" height=\"448\" src=\"https:\/\/www.puertas-automaticas-madrid.net\/wp-content\/uploads\/2023\/03\/imagen-puertaspeatonales.webp\" class=\"attachment-large size-large wp-image-106\" alt=\"\" srcset=\"https:\/\/www.puertas-automaticas-madrid.net\/wp-content\/uploads\/2023\/03\/imagen-puertaspeatonales.webp 448w, https:\/\/www.puertas-automaticas-madrid.net\/wp-content\/uploads\/2023\/03\/imagen-puertaspeatonales-300x300.webp 300w, https:\/\/www.puertas-automaticas-madrid.net\/wp-content\/uploads\/2023\/03\/imagen-puertaspeatonales-150x150.webp 150w\" sizes=\"(max-width: 448px) 100vw, 448px\" \/>\t\t\t\t\t\t\t\t<\/a>\n\t\t\t\t\t\t\t\t\t\t\t\t\t\t\t<\/div>\n\t\t\t\t<\/div>\n\t\t\t\t\t<\/div>\n\t\t<\/div>\n\t\t\t\t<div class=\"elementor-column elementor-col-33 elementor-top-column elementor-element elementor-element-c0b9336\" data-id=\"c0b9336\" data-element_type=\"column\">\n\t\t\t<div class=\"elementor-widget-wrap elementor-element-populated\">\n\t\t\t\t\t\t<div class=\"elementor-element elementor-element-1de9cc2 elementor-widget elementor-widget-image\" data-id=\"1de9cc2\" data-element_type=\"widget\" data-widget_type=\"image.default\">\n\t\t\t\t<div class=\"elementor-widget-container\">\n\t\t\t\t\t\t\t\t\t\t\t\t\t\t\t\t<a href=\"https:\/\/www.puertas-automaticas-madrid.net\/?page_id=124\">\n\t\t\t\t\t\t\t<img decoding=\"async\" width=\"448\" height=\"448\" src=\"https:\/\/www.puertas-automaticas-madrid.net\/wp-content\/uploads\/2023\/03\/imagen-barreras.webp\" class=\"attachment-large size-large wp-image-105\" alt=\"\" srcset=\"https:\/\/www.puertas-automaticas-madrid.net\/wp-content\/uploads\/2023\/03\/imagen-barreras.webp 448w, https:\/\/www.puertas-automaticas-madrid.net\/wp-content\/uploads\/2023\/03\/imagen-barreras-300x300.webp 300w, https:\/\/www.puertas-automaticas-madrid.net\/wp-content\/uploads\/2023\/03\/imagen-barreras-150x150.webp 150w\" sizes=\"(max-width: 448px) 100vw, 448px\" \/>\t\t\t\t\t\t\t\t<\/a>\n\t\t\t\t\t\t\t\t\t\t\t\t\t\t\t<\/div>\n\t\t\t\t<\/div>\n\t\t\t\t\t<\/div>\n\t\t<\/div>\n\t\t\t\t\t<\/div>\n\t\t<\/section>\n\t\t\t\t<section class=\"elementor-section elementor-top-section elementor-element elementor-element-0632acd elementor-section-boxed elementor-section-height-default elementor-section-height-default\" data-id=\"0632acd\" data-element_type=\"section\">\n\t\t\t\t\t\t<div class=\"elementor-container elementor-column-gap-default\">\n\t\t\t\t\t<div class=\"elementor-column elementor-col-100 elementor-top-column elementor-element elementor-element-fce177d\" data-id=\"fce177d\" data-element_type=\"column\">\n\t\t\t<div class=\"elementor-widget-wrap elementor-element-populated\">\n\t\t\t\t\t\t<div class=\"elementor-element elementor-element-f134fa1 elementor-widget elementor-widget-heading\" data-id=\"f134fa1\" data-element_type=\"widget\" data-widget_type=\"heading.default\">\n\t\t\t\t<div class=\"elementor-widget-container\">\n\t\t\t\t\t<h1 class=\"elementor-heading-title elementor-size-xl\">Profesionales para profesionales y particulares<\/h1>\t\t\t\t<\/div>\n\t\t\t\t<\/div>\n\t\t\t\t<div class=\"elementor-element elementor-element-d328338 elementor-widget-divider--view-line elementor-widget elementor-widget-divider\" data-id=\"d328338\" data-element_type=\"widget\" data-widget_type=\"divider.default\">\n\t\t\t\t<div class=\"elementor-widget-container\">\n\t\t\t\t\t\t\t<div class=\"elementor-divider\">\n\t\t\t<span class=\"elementor-divider-separator\">\n\t\t\t\t\t\t<\/span>\n\t\t<\/div>\n\t\t\t\t\t\t<\/div>\n\t\t\t\t<\/div>\n\t\t\t\t\t<\/div>\n\t\t<\/div>\n\t\t\t\t\t<\/div>\n\t\t<\/section>\n\t\t\t\t<section class=\"elementor-section elementor-top-section elementor-element elementor-element-ad5b96c elementor-section-boxed elementor-section-height-default elementor-section-height-default\" data-id=\"ad5b96c\" data-element_type=\"section\">\n\t\t\t\t\t\t<div class=\"elementor-container elementor-column-gap-default\">\n\t\t\t\t\t<div class=\"elementor-column elementor-col-100 elementor-top-column elementor-element elementor-element-bdb61a8\" data-id=\"bdb61a8\" data-element_type=\"column\">\n\t\t\t<div class=\"elementor-widget-wrap elementor-element-populated\">\n\t\t\t\t\t\t<div class=\"elementor-element elementor-element-1546865 elementor-widget elementor-widget-text-editor\" data-id=\"1546865\" data-element_type=\"widget\" data-widget_type=\"text-editor.default\">\n\t\t\t\t<div class=\"elementor-widget-container\">\n\t\t\t\t\t\t\t\t\t<p><span style=\"vertical-align: inherit;\"><span style=\"vertical-align: inherit;\">las puertas ya no te paran, ahora se abren a tu paso. <\/span><span style=\"vertical-align: inherit;\">Tener en tu negocio una puerta autom\u00e1tica y que no de problemas es sin\u00f3nimo de cuidar a tus clientes y tranquilidad, ofrecers siempre una c\u00e1lida bienvenida y confortable y preocuparte de lo que mejor sabes hacer.<\/span><\/span><\/p>\t\t\t\t\t\t\t\t<\/div>\n\t\t\t\t<\/div>\n\t\t\t\t\t<\/div>\n\t\t<\/div>\n\t\t\t\t\t<\/div>\n\t\t<\/section>\n\t\t\t\t<section class=\"elementor-section elementor-top-section elementor-element elementor-element-fb1c69c elementor-section-boxed elementor-section-height-default elementor-section-height-default\" data-id=\"fb1c69c\" data-element_type=\"section\" data-settings=\"{&quot;background_background&quot;:&quot;classic&quot;}\">\n\t\t\t\t\t\t<div class=\"elementor-container elementor-column-gap-default\">\n\t\t\t\t\t<div class=\"elementor-column elementor-col-50 elementor-top-column elementor-element elementor-element-a764eb6\" data-id=\"a764eb6\" data-element_type=\"column\">\n\t\t\t<div class=\"elementor-widget-wrap\">\n\t\t\t\t\t\t\t<\/div>\n\t\t<\/div>\n\t\t\t\t<div class=\"elementor-column elementor-col-50 elementor-top-column elementor-element elementor-element-295160a\" data-id=\"295160a\" data-element_type=\"column\">\n\t\t\t<div class=\"elementor-widget-wrap elementor-element-populated\">\n\t\t\t\t\t\t<div class=\"elementor-element elementor-element-4ff99d1 elementor-widget-mobile__width-initial elementor-widget elementor-widget-text-editor\" data-id=\"4ff99d1\" data-element_type=\"widget\" data-widget_type=\"text-editor.default\">\n\t\t\t\t<div class=\"elementor-widget-container\">\n\t\t\t\t\t\t\t\t\t<h3><span style=\"vertical-align: inherit; color: #ffffff;\"><span style=\"vertical-align: inherit;\"><span style=\"vertical-align: inherit;\"><span style=\"vertical-align: inherit;\"><span style=\"vertical-align: inherit;\"><span style=\"vertical-align: inherit;\"><span style=\"vertical-align: inherit;\"><span style=\"vertical-align: inherit;\"><span style=\"vertical-align: inherit;\"><span style=\"vertical-align: inherit;\"><span style=\"vertical-align: inherit;\"><span style=\"vertical-align: inherit;\"><span style=\"vertical-align: inherit;\"><span style=\"vertical-align: inherit;\">Compromiso <\/span><\/span><\/span><\/span><\/span><\/span><\/span><\/span><\/span><\/span><\/span><\/span><\/span><\/span><br \/><span style=\"color: #ffffff;\"><span style=\"vertical-align: inherit;\"><span style=\"vertical-align: inherit;\"><span style=\"vertical-align: inherit;\"><span style=\"vertical-align: inherit;\"><span style=\"vertical-align: inherit;\"><span style=\"vertical-align: inherit;\"><span style=\"font-weight: bold; vertical-align: inherit;\"><span style=\"vertical-align: inherit;\"><span style=\"vertical-align: inherit;\"><span style=\"vertical-align: inherit;\"><span style=\"vertical-align: inherit;\"><span style=\"vertical-align: inherit;\"><span style=\"vertical-align: inherit;\"><span style=\"vertical-align: inherit;\">Profesional<\/span><\/span><\/span><\/span><\/span><\/span><\/span><\/span><br \/><\/span><\/span><\/span><\/span><\/span><\/span><\/span><\/h3><h6><span style=\"color: #ffffff;\"><span style=\"vertical-align: inherit;\"><span style=\"vertical-align: inherit;\"><span style=\"vertical-align: inherit;\"><span style=\"vertical-align: inherit;\"><span style=\"vertical-align: inherit;\"><span style=\"vertical-align: inherit;\"><span style=\"vertical-align: inherit;\"><span style=\"vertical-align: inherit;\"><span style=\"vertical-align: inherit;\"><span style=\"vertical-align: inherit;\"><span style=\"font-weight: normal;\"><span style=\"vertical-align: inherit;\"><span style=\"vertical-align: inherit;\"><span style=\"vertical-align: inherit;\"><span style=\"vertical-align: inherit;\"><span style=\"vertical-align: inherit;\"><span style=\"vertical-align: inherit;\"><span style=\"vertical-align: inherit;\"><span style=\"vertical-align: inherit;\"><span style=\"vertical-align: inherit;\"><span style=\"vertical-align: inherit;\">Descubra todas las garant\u00edas que Puertas Autom\u00e1ticas Hydra ofrece a sus clientes para cumplir con la normativa<\/span><\/span><\/span><\/span><\/span><\/span><\/span><\/span><\/span><\/span><\/span><span style=\"vertical-align: inherit;\"><span style=\"vertical-align: inherit;\"><span style=\"vertical-align: inherit;\"><span style=\"vertical-align: inherit;\"><span style=\"vertical-align: inherit;\"><span style=\"vertical-align: inherit;\"><span style=\"vertical-align: inherit;\"><span style=\"vertical-align: inherit;\"><span style=\"vertical-align: inherit;\"><span style=\"vertical-align: inherit;\"> .<\/span><\/span><\/span><\/span><\/span><\/span><\/span><\/span><\/span><\/span><\/span><\/span><\/span><\/span><\/span><\/span><\/span><\/span><\/span><\/span><\/span><\/h6><p style=\"font-weight: bold;\">\u00a0<\/p>\t\t\t\t\t\t\t\t<\/div>\n\t\t\t\t<\/div>\n\t\t\t\t<div class=\"elementor-element elementor-element-e501421 elementor-invisible elementor-widget elementor-widget-button\" data-id=\"e501421\" data-element_type=\"widget\" data-settings=\"{&quot;_animation&quot;:&quot;fadeIn&quot;}\" data-widget_type=\"button.default\">\n\t\t\t\t<div class=\"elementor-widget-container\">\n\t\t\t\t\t\t\t\t\t<div class=\"elementor-button-wrapper\">\n\t\t\t\t\t<a class=\"elementor-button elementor-button-link elementor-size-sm\" href=\"#\">\n\t\t\t\t\t\t<span class=\"elementor-button-content-wrapper\">\n\t\t\t\t\t\t\t\t\t<span class=\"elementor-button-text\">Descubre m\u00e1s<\/span>\n\t\t\t\t\t<\/span>\n\t\t\t\t\t<\/a>\n\t\t\t\t<\/div>\n\t\t\t\t\t\t\t\t<\/div>\n\t\t\t\t<\/div>\n\t\t\t\t\t<\/div>\n\t\t<\/div>\n\t\t\t\t\t<\/div>\n\t\t<\/section>\n\t\t\t\t<section class=\"elementor-section elementor-top-section elementor-element elementor-element-25feece elementor-section-full_width elementor-section-height-default elementor-section-height-default\" data-id=\"25feece\" data-element_type=\"section\">\n\t\t\t\t\t\t<div class=\"elementor-container elementor-column-gap-default\">\n\t\t\t\t\t<div class=\"elementor-column elementor-col-33 elementor-top-column elementor-element elementor-element-652c5f3\" data-id=\"652c5f3\" data-element_type=\"column\" data-settings=\"{&quot;background_background&quot;:&quot;classic&quot;}\">\n\t\t\t<div class=\"elementor-widget-wrap elementor-element-populated\">\n\t\t\t\t\t\t<div class=\"elementor-element elementor-element-6c18519 elementor-widget elementor-widget-text-editor\" data-id=\"6c18519\" data-element_type=\"widget\" data-widget_type=\"text-editor.default\">\n\t\t\t\t<div class=\"elementor-widget-container\">\n\t\t\t\t\t\t\t\t\t<h2><strong><span style=\"color: #ffffff;\">Ruidos no, gracias<\/span><\/strong><\/h2><p><span style=\"color: #ffffff;\"><strong>Expertos en ruidos<\/strong>. Control de ruidos y vibraciones en las instalaciones de edificios en puertas de garaje.<\/span><\/p>\t\t\t\t\t\t\t\t<\/div>\n\t\t\t\t<\/div>\n\t\t\t\t\t<\/div>\n\t\t<\/div>\n\t\t\t\t<div class=\"elementor-column elementor-col-33 elementor-top-column elementor-element elementor-element-9820437\" data-id=\"9820437\" data-element_type=\"column\" data-settings=\"{&quot;background_background&quot;:&quot;classic&quot;}\">\n\t\t\t<div class=\"elementor-widget-wrap elementor-element-populated\">\n\t\t\t\t\t\t<div class=\"elementor-element elementor-element-3eed241 elementor-widget elementor-widget-text-editor\" data-id=\"3eed241\" data-element_type=\"widget\" data-widget_type=\"text-editor.default\">\n\t\t\t\t<div class=\"elementor-widget-container\">\n\t\t\t\t\t\t\t\t\t<h2 style=\"font-style: normal;\"><span style=\"color: #ffffff;\">Sin preocupaciones <\/span><\/h2><p style=\"font-size: 16px; font-style: normal; font-weight: 400;\"><span style=\"color: #ffffff;\"><strong>Servicio Integras PLUS<\/strong>. servicio en 24 horas, 12 revisiones al a\u00f1o, servicio de aver\u00edas, servicio de urgencias, etc&#8230;<\/span><\/p>\t\t\t\t\t\t\t\t<\/div>\n\t\t\t\t<\/div>\n\t\t\t\t\t<\/div>\n\t\t<\/div>\n\t\t\t\t<div class=\"elementor-column elementor-col-33 elementor-top-column elementor-element elementor-element-42685a1\" data-id=\"42685a1\" data-element_type=\"column\" data-settings=\"{&quot;background_background&quot;:&quot;classic&quot;}\">\n\t\t\t<div class=\"elementor-widget-wrap elementor-element-populated\">\n\t\t\t\t\t\t<div class=\"elementor-element elementor-element-a678751 elementor-widget elementor-widget-text-editor\" data-id=\"a678751\" data-element_type=\"widget\" data-widget_type=\"text-editor.default\">\n\t\t\t\t<div class=\"elementor-widget-container\">\n\t\t\t\t\t\t\t\t\t<h2 style=\"font-style: normal;\"><span style=\"color: #ffffff;\">Atenci\u00f3n<\/span><\/h2><p style=\"font-size: 16px; font-style: normal; font-weight: 400;\"><span style=\"color: #ffffff;\">Atenci\u00f3n telef\u00f3nica personalizada y por expertos. Consulte cualquier duda. Cont\u00e1ctenos!<\/span><\/p>\t\t\t\t\t\t\t\t<\/div>\n\t\t\t\t<\/div>\n\t\t\t\t\t<\/div>\n\t\t<\/div>\n\t\t\t\t\t<\/div>\n\t\t<\/section>\n\t\t\t\t<section class=\"elementor-section elementor-top-section elementor-element elementor-element-6e46376 elementor-section-boxed elementor-section-height-default elementor-section-height-default\" data-id=\"6e46376\" data-element_type=\"section\">\n\t\t\t\t\t\t<div class=\"elementor-container elementor-column-gap-default\">\n\t\t\t\t\t<div class=\"elementor-column elementor-col-50 elementor-top-column elementor-element elementor-element-4293f43\" data-id=\"4293f43\" data-element_type=\"column\">\n\t\t\t<div class=\"elementor-widget-wrap elementor-element-populated\">\n\t\t\t\t\t\t<div class=\"elementor-element elementor-element-7d555cf elementor-widget elementor-widget-text-editor\" data-id=\"7d555cf\" data-element_type=\"widget\" data-widget_type=\"text-editor.default\">\n\t\t\t\t<div class=\"elementor-widget-container\">\n\t\t\t\t\t\t\t\t\t<h3 style=\"text-align: left;\"><strong><span style=\"color: #000080;\">QUIENES SOMOS<\/span><\/strong><\/h3><p><span style=\"color: #000080;\"> PUERTAS AUTOM\u00c1TICAS HYDRA S.L. , es una empresa l\u00edder en el sector, especializada en la FABRICACI\u00d3N, INSTALACI\u00d3N, MOTORIZACION, REPARACI\u00d3N Y MANTENIMIENTO DE PUERTAS AUTOMATICAS de todo tipo, tanto de garaje como peatonales, as\u00ed como la venta de Automatismos y Accesorios. PUERTAS AUTOM\u00c1TICAS HYDRA, tiene el objetivo de poner a disposici\u00f3n del cliente la mejor combinaci\u00f3n: CALIDAD Y SERVICIO. <\/span><\/p><p><span style=\"color: #000080;\">Para conseguirlo ha sido fundamental trabajar con marcas de prestigio internacional, avala el hecho de ser distribuidores oficiales de las firmas ERREKA PUERTAS AUTOMATICAS Y CLEMSA. En PUERTAS HYDRA, se da la misma importancia a la elecci\u00f3n de las marcas y proveedores como al posterior servicio post-venta. Disponemos, para ello de profesionales altamente cualificados y dotado con los mejores medios necesarios para desarrollar de forma \u00f3ptima sus funciones, y as\u00ed poder conseguir un SERVICIO DE ASISTENCIA T\u00c9CNICA excelente.<\/span><\/p>\t\t\t\t\t\t\t\t<\/div>\n\t\t\t\t<\/div>\n\t\t\t\t\t<\/div>\n\t\t<\/div>\n\t\t\t\t<div class=\"elementor-column elementor-col-50 elementor-top-column elementor-element elementor-element-4ebcf08\" data-id=\"4ebcf08\" data-element_type=\"column\">\n\t\t\t<div class=\"elementor-widget-wrap elementor-element-populated\">\n\t\t\t\t\t\t<div class=\"elementor-element elementor-element-182cb00 elementor-hidden-mobile elementor-widget elementor-widget-image\" data-id=\"182cb00\" data-element_type=\"widget\" data-widget_type=\"image.default\">\n\t\t\t\t<div class=\"elementor-widget-container\">\n\t\t\t\t\t\t\t\t\t\t\t\t\t\t\t<img loading=\"lazy\" decoding=\"async\" width=\"690\" height=\"575\" src=\"https:\/\/www.puertas-automaticas-madrid.net\/wp-content\/uploads\/2023\/03\/mujer-contacto.webp\" class=\"attachment-large size-large wp-image-214\" alt=\"\" srcset=\"https:\/\/www.puertas-automaticas-madrid.net\/wp-content\/uploads\/2023\/03\/mujer-contacto.webp 690w, https:\/\/www.puertas-automaticas-madrid.net\/wp-content\/uploads\/2023\/03\/mujer-contacto-300x250.webp 300w\" sizes=\"(max-width: 690px) 100vw, 690px\" \/>\t\t\t\t\t\t\t\t\t\t\t\t\t\t\t<\/div>\n\t\t\t\t<\/div>\n\t\t\t\t\t<\/div>\n\t\t<\/div>\n\t\t\t\t\t<\/div>\n\t\t<\/section>\n\t\t\t\t<\/div>\n\t\t","protected":false},"excerpt":{"rendered":"<p>Soluciones profesionales en automatismos Quiero saber m\u00e1s Profesionales para profesionales y particulares las puertas ya no te paran, ahora se abren a tu paso. Tener en tu negocio una puerta autom\u00e1tica y que no de problemas es sin\u00f3nimo de cuidar a tus clientes y tranquilidad, ofrecers siempre una c\u00e1lida bienvenida y confortable y preocuparte de [&hellip;]<\/p>\n","protected":false},"author":1,"featured_media":0,"parent":0,"menu_order":0,"comment_status":"closed","ping_status":"closed","template":"","meta":{"_uag_custom_page_level_css":"","site-sidebar-layout":"no-sidebar","site-content-layout":"page-builder","ast-site-content-layout":"default","site-content-style":"default","site-sidebar-style":"default","ast-global-header-display":"","ast-banner-title-visibility":"","ast-main-header-display":"","ast-hfb-above-header-display":"","ast-hfb-below-header-display":"","ast-hfb-mobile-header-display":"","site-post-title":"disabled","ast-breadcrumbs-content":"","ast-featured-img":"disabled","footer-sml-layout":"","theme-transparent-header-meta":"","adv-header-id-meta":"","stick-header-meta":"","header-above-stick-meta":"","header-main-stick-meta":"","header-below-stick-meta":"","astra-migrate-meta-layouts":"default","ast-page-background-enabled":"default","ast-page-background-meta":{"desktop":{"background-color":"","background-image":"","background-repeat":"repeat","background-position":"center center","background-size":"auto","background-attachment":"scroll","background-type":"","background-media":"","overlay-type":"","overlay-color":"","overlay-opacity":"","overlay-gradient":""},"tablet":{"background-color":"","background-image":"","background-repeat":"repeat","background-position":"center center","background-size":"auto","background-attachment":"scroll","background-type":"","background-media":"","overlay-type":"","overlay-color":"","overlay-opacity":"","overlay-gradient":""},"mobile":{"background-color":"","background-image":"","background-repeat":"repeat","background-position":"center center","background-size":"auto","background-attachment":"scroll","background-type":"","background-media":"","overlay-type":"","overlay-color":"","overlay-opacity":"","overlay-gradient":""}},"ast-content-background-meta":{"desktop":{"background-color":"var(--ast-global-color-5)","background-image":"","background-repeat":"repeat","background-position":"center center","background-size":"auto","background-attachment":"scroll","background-type":"","background-media":"","overlay-type":"","overlay-color":"","overlay-opacity":"","overlay-gradient":""},"tablet":{"background-color":"var(--ast-global-color-5)","background-image":"","background-repeat":"repeat","background-position":"center center","background-size":"auto","background-attachment":"scroll","background-type":"","background-media":"","overlay-type":"","overlay-color":"","overlay-opacity":"","overlay-gradient":""},"mobile":{"background-color":"var(--ast-global-color-5)","background-image":"","background-repeat":"repeat","background-position":"center center","background-size":"auto","background-attachment":"scroll","background-type":"","background-media":"","overlay-type":"","overlay-color":"","overlay-opacity":"","overlay-gradient":""}},"footnotes":""},"class_list":["post-70","page","type-page","status-publish","hentry"],"uagb_featured_image_src":{"full":false,"thumbnail":false,"medium":false,"medium_large":false,"large":false,"1536x1536":false,"2048x2048":false},"uagb_author_info":{"display_name":"admin","author_link":"https:\/\/www.puertas-automaticas-madrid.net\/?author=1"},"uagb_comment_info":0,"uagb_excerpt":"Soluciones profesionales en automatismos Quiero saber m\u00e1s Profesionales para profesionales y particulares las puertas ya no te paran, ahora se abren a tu paso. Tener en tu negocio una puerta autom\u00e1tica y que no de problemas es sin\u00f3nimo de cuidar a tus clientes y tranquilidad, ofrecers siempre una c\u00e1lida bienvenida y confortable y preocuparte de&hellip;","_links":{"self":[{"href":"https:\/\/www.puertas-automaticas-madrid.net\/index.php?rest_route=\/wp\/v2\/pages\/70","targetHints":{"allow":["GET"]}}],"collection":[{"href":"https:\/\/www.puertas-automaticas-madrid.net\/index.php?rest_route=\/wp\/v2\/pages"}],"about":[{"href":"https:\/\/www.puertas-automaticas-madrid.net\/index.php?rest_route=\/wp\/v2\/types\/page"}],"author":[{"embeddable":true,"href":"https:\/\/www.puertas-automaticas-madrid.net\/index.php?rest_route=\/wp\/v2\/users\/1"}],"replies":[{"embeddable":true,"href":"https:\/\/www.puertas-automaticas-madrid.net\/index.php?rest_route=%2Fwp%2Fv2%2Fcomments&post=70"}],"version-history":[{"count":112,"href":"https:\/\/www.puertas-automaticas-madrid.net\/index.php?rest_route=\/wp\/v2\/pages\/70\/revisions"}],"predecessor-version":[{"id":224,"href":"https:\/\/www.puertas-automaticas-madrid.net\/index.php?rest_route=\/wp\/v2\/pages\/70\/revisions\/224"}],"wp:attachment":[{"href":"https:\/\/www.puertas-automaticas-madrid.net\/index.php?rest_route=%2Fwp%2Fv2%2Fmedia&parent=70"}],"curies":[{"name":"wp","href":"https:\/\/api.w.org\/{rel}","templated":true}]}}